{"id":42,"date":"2015-07-18T22:31:55","date_gmt":"2015-07-18T21:31:55","guid":{"rendered":"http:\/\/www.conseil-formation-nutrition.com\/mfklucker\/?page_id=42"},"modified":"2015-10-30T13:24:57","modified_gmt":"2015-10-30T12:24:57","slug":"nutrition","status":"publish","type":"page","link":"https:\/\/www.conseil-formation-nutrition.com\/mfklucker\/nutrition\/","title":{"rendered":"nutrition"},"content":{"rendered":"<div class=\"vc_row wpb_row vc_row-fluid\">\n\t<div class=\"vc_col-sm-12 wpb_column vc_column_container\">\n\t\t<div class=\"wpb_wrapper\">\n\t\t\t\n\t<div class=\"wpb_text_column wpb_content_element \">\n\t\t<div class=\"wpb_wrapper\">\n\t\t\t<h1>L\u2019alimentation : un d\u00e9terminant majeur de la sant\u00e9<\/h1>\n<h3>Mon approche pour vous accompagner<\/h3>\n<ul>\n<li>Une \u00e9coute attentive et bienveillante, une<strong> approche personnalis\u00e9e<\/strong>, respectant votre rythme et bas\u00e9e sur l\u2019<strong>alliance th\u00e9rapeutique<\/strong><\/li>\n<li>Une <strong>prise en charge pr\u00e9coce<\/strong> pour une meilleure <strong>pr\u00e9vention<\/strong><\/li>\n<li>Une<strong> prise en charge nutritionnelle<\/strong> des pathologies sp\u00e9cifiques<\/li>\n<li>Un accompagnement vers un<strong> mieux-\u00eatre durable<\/strong>, une <strong>relation apais\u00e9e avec l\u2019alimentation<\/strong>, un<strong> comportement alimentaire adapt\u00e9<\/strong> \u00e0 l\u2019ensemble des besoins et <strong>respectant les sensations alimentaires<\/strong><\/li>\n<li>Une approche globale, pour <strong>comprendre les cl\u00e9s de votre rapport \u00e0 l\u2019alimentation<\/strong>, <strong>r\u00e9concilier le corps et le mental<\/strong> pour retrouver vos <strong>rep\u00e8res<\/strong> et prendre soin de vous<\/li>\n<\/ul>\n\n\t\t<\/div> \n\t<\/div> \n\t\t<\/div> \n\t<\/div> \n<\/div><div class=\"vc_row wpb_row vc_row-fluid\">\n\t<div class=\"vc_col-sm-6 wpb_column vc_column_container\">\n\t\t<div class=\"wpb_wrapper\">\n\t\t\t\n\t<div class=\"wpb_text_column wpb_content_element \">\n\t\t<div class=\"wpb_wrapper\">\n\t\t\t<h3>Ma sp\u00e9cialit\u00e9<\/h3>\n<ul>\n<li>De formation scientifique initiale et une longue exp\u00e9rience en tant que chercheur dans l\u2019industrie pharmaceutique, ma motivation est d&rsquo;<strong>allier Sant\u00e9 et Nutrition<\/strong>. Un apprentissage permanent, pour approfondir et actualiser mes connaissances, centr\u00e9es sur <strong>la personne et sa sant\u00e9<\/strong>.<\/li>\n<li>Dipl\u00f4m\u00e9e en Di\u00e9t\u00e9tique, je me suis sp\u00e9cialis\u00e9e dans la <strong>prise en charge du surpoids et de l\u2019ob\u00e9sit\u00e9<\/strong> (enseignement du Groupe de R\u00e9flexion sur l\u2019Ob\u00e9sit\u00e9 et le Surpoids, Paris), et des <strong>Troubles des Comportements Alimentaires<\/strong> (Dipl\u00f4me Universitaire, Lyon 1)<\/li>\n<\/ul>\n\n\t\t<\/div> \n\t<\/div> \n\t<div class=\"wpb_text_column wpb_content_element \">\n\t\t<div class=\"wpb_wrapper\">\n\t\t\t<h3>Consultations<\/h3>\n<ul>\n<li>Je vous accueille dans un <strong>cabinet param\u00e9dical<\/strong>, sur RV, au 506 avenue du 8 mai 1945 \u00e0 Caluire et Cuire<br \/>\n(acc\u00e8s en bus\u00a0: ligne C1 (arr\u00eat Montessuy Fleming), ligne C13 (arr\u00eat Montessuy Gutenberg)\u00a0; stationnement gratuit libre autour de la r\u00e9sidence)<\/li>\n<\/ul>\n\n\t\t<\/div> \n\t<\/div> \n\t\t<\/div> \n\t<\/div> \n\n\t<div class=\"vc_col-sm-6 wpb_column vc_column_container\">\n\t\t<div class=\"wpb_wrapper\">\n\t\t\t\n\t<div class=\"wpb_single_image wpb_content_element vc_custom_1446207704139 vc_align_right\">\n\t\t<div class=\"wpb_wrapper\">\n\t\t\t\n\t\t\t<img loading=\"lazy\" decoding=\"async\" width=\"199\" height=\"300\" src=\"https:\/\/www.conseil-formation-nutrition.com\/mfklucker\/wp-content\/uploads\/2015\/07\/photo_retouche_3-199x300.jpg\" class=\"vc_box_shadow vc_box_border_grey attachment-medium\" alt=\"\" srcset=\"https:\/\/www.conseil-formation-nutrition.com\/mfklucker\/wp-content\/uploads\/2015\/07\/photo_retouche_3-199x300.jpg 199w, https:\/\/www.conseil-formation-nutrition.com\/mfklucker\/wp-content\/uploads\/2015\/07\/photo_retouche_3-678x1024.jpg 678w\" sizes=\"auto, (max-width: 199px) 100vw, 199px\" \/>\n\t\t<\/div> \n\t<\/div> \n\t\t<\/div> \n\t<\/div> \n<\/div><div class=\"vc_row wpb_row vc_row-fluid\">\n\t<div class=\"vc_col-sm-4 wpb_column vc_column_container\">\n\t\t<div class=\"wpb_wrapper\">\n\t\t\t<div class=\"invicta_button_wrapper invicta-alignment-left\"><a class=\"invicta_button invicta-icon_position-left\" href=\"https:\/\/www.conseil-formation-nutrition.com\/mfklucker\/contact-2\/\" target=\"_blank\"><i class=\"icon-envelope\"><\/i>Prise de RDV<\/a><\/div>\n\t\t<\/div> \n\t<\/div> \n\n\t<div class=\"vc_col-sm-4 wpb_column vc_column_container\">\n\t\t<div class=\"wpb_wrapper\">\n\t\t\t\n\t\t<\/div> \n\t<\/div> \n\n\t<div class=\"vc_col-sm-4 wpb_column vc_column_container\">\n\t\t<div class=\"wpb_wrapper\">\n\t\t\t<div class=\"invicta_calltoaction wpb_content_element style_1\"><div class=\"button\"><div class=\"invicta_button_wrapper invicta-alignment-left\"><a class=\"invicta_button invicta-icon_position-left\" href=\"https:\/\/www.google.fr\/maps\/place\/506+Avenue+du+8+Mai+1945,+69300+Caluire-et-Cuire\/@45.7952666,4.8490051,17z\/data=!3m1!4b1!4m2!3m1!1s0x47f4eac94a0a9d3f:0xe22acf44a2e3a227\" target=\"_blank\"><i class=\"icon-home\"><\/i>Plan d'acc\u00e8s<\/a><\/div><\/div><div class=\"text\"><div class=\"primary\">Nous trouver sur la carte<\/div><div class=\"secondary\">Localisation<\/div><\/div><\/div>\n\t\t<\/div> \n\t<\/div> \n<\/div><div class=\"vc_row wpb_row vc_row-fluid\">\n\t<div class=\"vc_col-sm-12 wpb_column vc_column_container\">\n\t\t<div class=\"wpb_wrapper\">\n\t\t\t<div class=\"invicta_heading center big\"><div class=\"primary\">Gu\u00e9rir parfois, soulager souvent, \u00e9couter toujours<\/div><div class=\"secondary\">\u2013 Louis Pasteur<\/div><\/div>\n\t\t<\/div> \n\t<\/div> \n<\/div>\n","protected":false},"excerpt":{"rendered":"L\u2019alimentation : un d\u00e9terminant majeur de la sant\u00e9 Mon approche pour vous accompagner Une \u00e9coute attentive et bienveillante, une approche personnalis\u00e9e, respectant votre rythme et bas\u00e9e sur l\u2019alliance th\u00e9rapeutique Une prise en charge pr\u00e9coce pour une meilleure pr\u00e9vention Une prise en charge nutritionnelle des pathologies sp\u00e9cifiques Un accompagnement vers un mieux-\u00eatre durable, une relation apais\u00e9e [...]","protected":false},"author":1,"featured_media":0,"parent":0,"menu_order":0,"comment_status":"closed","ping_status":"closed","template":"","meta":{"footnotes":""},"class_list":["post-42","page","type-page","status-publish","hentry","invicta_simple_style_entry"],"_links":{"self":[{"href":"https:\/\/www.conseil-formation-nutrition.com\/mfklucker\/wp-json\/wp\/v2\/pages\/42","targetHints":{"allow":["GET"]}}],"collection":[{"href":"https:\/\/www.conseil-formation-nutrition.com\/mfklucker\/wp-json\/wp\/v2\/pages"}],"about":[{"href":"https:\/\/www.conseil-formation-nutrition.com\/mfklucker\/wp-json\/wp\/v2\/types\/page"}],"author":[{"embeddable":true,"href":"https:\/\/www.conseil-formation-nutrition.com\/mfklucker\/wp-json\/wp\/v2\/users\/1"}],"replies":[{"embeddable":true,"href":"https:\/\/www.conseil-formation-nutrition.com\/mfklucker\/wp-json\/wp\/v2\/comments?post=42"}],"version-history":[{"count":36,"href":"https:\/\/www.conseil-formation-nutrition.com\/mfklucker\/wp-json\/wp\/v2\/pages\/42\/revisions"}],"predecessor-version":[{"id":350,"href":"https:\/\/www.conseil-formation-nutrition.com\/mfklucker\/wp-json\/wp\/v2\/pages\/42\/revisions\/350"}],"wp:attachment":[{"href":"https:\/\/www.conseil-formation-nutrition.com\/mfklucker\/wp-json\/wp\/v2\/media?parent=42"}],"curies":[{"name":"wp","href":"https:\/\/api.w.org\/{rel}","templated":true}]}}