{"id":282,"date":"2015-08-15T08:23:10","date_gmt":"2015-08-15T07:23:10","guid":{"rendered":"http:\/\/www.conseil-formation-nutrition.com\/mfklucker\/?page_id=282"},"modified":"2015-11-03T09:42:03","modified_gmt":"2015-11-03T08:42:03","slug":"qui-je-suis","status":"publish","type":"page","link":"https:\/\/www.conseil-formation-nutrition.com\/mfklucker\/qui-je-suis\/","title":{"rendered":"Qui je suis"},"content":{"rendered":"<div class=\"vc_row wpb_row vc_row-fluid\">\n\t<div class=\"vc_col-sm-12 wpb_column vc_column_container\">\n\t\t<div class=\"wpb_wrapper\">\n\t\t\t\n\t<div class=\"wpb_text_column wpb_content_element \">\n\t\t<div class=\"wpb_wrapper\">\n\t\t\t<h2>et quelle est mon approche :<\/h2>\n\n\t\t<\/div> \n\t<\/div> \n\t\t<\/div> \n\t<\/div> \n<\/div><div class=\"vc_row wpb_row vc_row-fluid\">\n\t<div class=\"vc_col-sm-8 wpb_column vc_column_container\">\n\t\t<div class=\"wpb_wrapper\">\n\t\t\t\n\t<div class=\"wpb_text_column wpb_content_element \">\n\t\t<div class=\"wpb_wrapper\">\n\t\t\t<p>\u00ab\u00a0L\u2019envie d\u2019apprendre et de partager autour de la cr\u00e9ation et du plaisir culinaire a toujours \u00e9t\u00e9 l\u00e0, intimement m\u00eal\u00e9e \u00e0 la conviction de prendre ainsi soin de sa sant\u00e9. Une th\u00e8se de doctorat en poche (en physico-chimie), j\u2019entre dans l\u2019industrie pharmaceutique o\u00f9 je passerai 16 ans, en R&amp;D. Et puis l\u2019envie de revenir au 1er des m\u00e9dicaments : l\u2019aliment et d&rsquo;allier ainsi Sant\u00e9 et Nutrition. J&rsquo;ai saut\u00e9 le pas: je me suis dot\u00e9e de comp\u00e9tences dans le secteur de la Nutrition, m\u2019investissant dans l\u2019ensemble de la cha\u00eene qui va de l\u2019\u00e9prouvette \u00e0 l\u2019assiette, en passant par l\u2019\u00e9tude du comportement alimentaire et de ses d\u00e9viances.\u00a0\u00bb<\/p>\n\n\t\t<\/div> \n\t<\/div> \n\t\t<\/div> \n\t<\/div> \n\n\t<div class=\"vc_col-sm-4 wpb_column vc_column_container\">\n\t\t<div class=\"wpb_wrapper\">\n\t\t\t<div class=\"invicta_person wpb_content_element accentcolor-border-on_hover condensed\"><div class=\"wrapper\"><div class=\"thumbnail\"><span class=\"photo invicta_avatar \"><img decoding=\"async\" src=\"https:\/\/www.conseil-formation-nutrition.com\/mfklucker\/wp-content\/uploads\/2015\/07\/photo2-380x380.jpg\" alt=\"Marie-Fran\u00e7oise KLUCKER\" \/><\/span><\/div><div class=\"info\"><div class=\"title\">Marie-Fran\u00e7oise KLUCKER<\/div><div class=\"social\"><div class=\"social_links accentcolor-text-on_children-on_hover inherit-color-on_children\"><a href=\"mailto:contact@mfklucker.com\" target=\"_self\" title=\"Email\"><i class=\"icon-envelope\"><\/i><\/a><\/div><\/div><\/div><\/div><\/div>\n\t\t<\/div> \n\t<\/div> \n<\/div><div class=\"vc_row wpb_row vc_row-fluid\">\n\t<div class=\"vc_col-sm-12 wpb_column vc_column_container\">\n\t\t<div class=\"wpb_wrapper\">\n\t\t\t\n\t<div class=\"wpb_text_column wpb_content_element \">\n\t\t<div class=\"wpb_wrapper\">\n\t\t\t<h2>mes valeurs<\/h2>\n\n\t\t<\/div> \n\t<\/div> <div id=\"invicta_steps_69e6453d7e99a\" class=\"invicta_steps wpb_content_element\"><div class=\"step\" style=\"width:20%\"><div class=\"line\"><\/div><div class=\"icon\"><i class=\"icon-medkit\"><\/i><\/div><div class=\"info\"><div class=\"name\">Sant\u00e9<\/div><div class=\"text\"><\/div><\/div><\/div><div class=\"step\" style=\"width:20%\"><div class=\"line\"><\/div><div class=\"icon\"><i class=\"icon-male\"><\/i><\/div><div class=\"info\"><div class=\"name\">Humanisme<\/div><div class=\"text\"><\/div><\/div><\/div><div class=\"step\" style=\"width:20%\"><div class=\"line\"><\/div><div class=\"icon\"><i class=\"icon-globe\"><\/i><\/div><div class=\"info\"><div class=\"name\">Ethique<\/div><div class=\"text\"><\/div><\/div><\/div><div class=\"step\" style=\"width:20%\"><div class=\"line\"><\/div><div class=\"icon\"><i class=\"icon-comments\"><\/i><\/div><div class=\"info\"><div class=\"name\">Ecoute<\/div><div class=\"text\"><\/div><\/div><\/div><div class=\"step\" style=\"width:20%\"><div class=\"line\"><\/div><div class=\"icon\"><i class=\"icon-thumbs-up-alt\"><\/i><\/div><div class=\"info\"><div class=\"name\">Engagement<\/div><div class=\"text\"><\/div><\/div><\/div><\/div>\n\t\t<\/div> \n\t<\/div> \n<\/div>\n","protected":false},"excerpt":{"rendered":"et quelle est mon approche : \u00ab\u00a0L\u2019envie d\u2019apprendre et de partager autour de la cr\u00e9ation et du plaisir culinaire a toujours \u00e9t\u00e9 l\u00e0, intimement m\u00eal\u00e9e \u00e0 la conviction de prendre ainsi soin de sa sant\u00e9. Une th\u00e8se de doctorat en poche (en physico-chimie), j\u2019entre dans l\u2019industrie pharmaceutique o\u00f9 je passerai 16 ans, en R&amp;D. Et [...]","protected":false},"author":1,"featured_media":0,"parent":0,"menu_order":0,"comment_status":"open","ping_status":"open","template":"","meta":{"footnotes":""},"class_list":["post-282","page","type-page","status-publish","hentry","invicta_simple_style_entry"],"_links":{"self":[{"href":"https:\/\/www.conseil-formation-nutrition.com\/mfklucker\/wp-json\/wp\/v2\/pages\/282","targetHints":{"allow":["GET"]}}],"collection":[{"href":"https:\/\/www.conseil-formation-nutrition.com\/mfklucker\/wp-json\/wp\/v2\/pages"}],"about":[{"href":"https:\/\/www.conseil-formation-nutrition.com\/mfklucker\/wp-json\/wp\/v2\/types\/page"}],"author":[{"embeddable":true,"href":"https:\/\/www.conseil-formation-nutrition.com\/mfklucker\/wp-json\/wp\/v2\/users\/1"}],"replies":[{"embeddable":true,"href":"https:\/\/www.conseil-formation-nutrition.com\/mfklucker\/wp-json\/wp\/v2\/comments?post=282"}],"version-history":[{"count":8,"href":"https:\/\/www.conseil-formation-nutrition.com\/mfklucker\/wp-json\/wp\/v2\/pages\/282\/revisions"}],"predecessor-version":[{"id":368,"href":"https:\/\/www.conseil-formation-nutrition.com\/mfklucker\/wp-json\/wp\/v2\/pages\/282\/revisions\/368"}],"wp:attachment":[{"href":"https:\/\/www.conseil-formation-nutrition.com\/mfklucker\/wp-json\/wp\/v2\/media?parent=282"}],"curies":[{"name":"wp","href":"https:\/\/api.w.org\/{rel}","templated":true}]}}