{"id":20,"date":"2015-07-18T22:28:29","date_gmt":"2015-07-18T21:28:29","guid":{"rendered":"http:\/\/www.conseil-formation-nutrition.com\/mfklucker\/?page_id=20"},"modified":"2015-11-03T09:29:40","modified_gmt":"2015-11-03T08:29:40","slug":"realisations","status":"publish","type":"page","link":"https:\/\/www.conseil-formation-nutrition.com\/mfklucker\/realisations\/","title":{"rendered":"R\u00e9alisations"},"content":{"rendered":"<div class=\"vc_row wpb_row vc_row-fluid\">\n\t<div class=\"vc_col-sm-4 wpb_column vc_column_container\">\n\t\t<div class=\"wpb_wrapper\">\n\t\t\t<div class=\"invicta_iconbox wpb_content_element default\"><div class=\"icon\"><i class=\"icon-ok\"><\/i><\/div><div class=\"content\"><div class=\"title\">Formulation pharmaceutique &amp; Innovation<\/div><div class=\"text\"> Mise au point de nouveaux adjuvants de vaccins:<br \/>\n\u2022 2 brevets (Sanofi Pasteur)<br \/>\n\u2022 Adjuvant homologu\u00e9<br \/>\n\u2022 1 brevet (Groupe Fournier)<br \/>\n\u2022 R\u00e9daction de SOPs en vue du transfert d\u2019\u00e9chelle<\/p>\n<p><\/div><\/div><\/div>\n\t\t<\/div> \n\t<\/div> \n\n\t<div class=\"vc_col-sm-4 wpb_column vc_column_container\">\n\t\t<div class=\"wpb_wrapper\">\n\t\t\t<div class=\"invicta_iconbox wpb_content_element default\"><div class=\"icon\"><i class=\"icon-ok\"><\/i><\/div><div class=\"content\"><div class=\"title\">Affaires R\u00e9glementaires (Sanofi Pasteur)<\/div><div class=\"text\">\u2022 Gestion d\u2019AMM de vaccins commercialis\u00e9s : variations CMC, renouvellements, soumissions de dossiers, r\u00e9ponses aux questions des autorit\u00e9s de Sant\u00e9.<br \/>\n\u2022 Gestion transverse de changements CMC multi-produits : \u00e9valuation et strat\u00e9gie r\u00e9glementaire<br \/>\n<\/div><\/div><\/div>\n\t\t<\/div> \n\t<\/div> \n\n\t<div class=\"vc_col-sm-4 wpb_column vc_column_container\">\n\t\t<div class=\"wpb_wrapper\">\n\t\t\t<div class=\"invicta_iconbox wpb_content_element default\"><div class=\"icon\"><i class=\"icon-ok\"><\/i><\/div><div class=\"content\"><div class=\"title\"> Evaluation Toxicologique (Sanofi Pasteur)<\/div><div class=\"text\">\u2022 Vaccins en d\u00e9veloppement : d\u00e9finition de strat\u00e9gie pr\u00e9clinique, monitoring d'\u00e9tudes et gestion de CRO, \u00e9valuation b\u00e9n\u00e9fice\/risque, r\u00e9daction de documents r\u00e9glementaires.<br \/>\n\u2022 \u00c9valuation de substances chimiques : adjuvants de vaccins, excipients, impuret\u00e9s, contaminants<br \/>\n\u2022 Homologation d'un vaccin anti-grippal adjuv\u00e9<\/div><\/div><\/div>\n\t\t<\/div> \n\t<\/div> \n<\/div><div class=\"vc_row wpb_row vc_row-fluid\">\n\t<div class=\"vc_col-sm-4 wpb_column vc_column_container\">\n\t\t<div class=\"wpb_wrapper\">\n\t\t\t<div class=\"invicta_iconbox wpb_content_element default\"><div class=\"icon\"><i class=\"icon-ok\"><\/i><\/div><div class=\"content\"><div class=\"title\"> Qualit\u00e9 et BPL (Sanofi Pasteur)<\/div><div class=\"text\"> Une exp\u00e9rience r\u00e9ussie de mise en place et pilotage d\u2019un programme de formation pour la R&amp;D<br \/>\n<\/div><\/div><\/div>\n\t\t<\/div> \n\t<\/div> \n\n\t<div class=\"vc_col-sm-4 wpb_column vc_column_container\">\n\t\t<div class=\"wpb_wrapper\">\n\t\t\t<div class=\"invicta_iconbox wpb_content_element default\"><div class=\"icon\"><i class=\"icon-ok\"><\/i><\/div><div class=\"content\"><div class=\"title\">Nutrition et comportement alimentaire (CENS, CHLS)<\/div><div class=\"text\">\u2022 Mise en place et coordination d\u2019une \u00e9tude clinique observationnelle en EHPAD<br \/>\n\u2022 Conception et animation de sensibilisations \u00ab Alimentation &amp; Sant\u00e9 \u00bb<br \/>\n<\/div><\/div><\/div>\n\t\t<\/div> \n\t<\/div> \n\n\t<div class=\"vc_col-sm-4 wpb_column vc_column_container\">\n\t\t<div class=\"wpb_wrapper\">\n\t\t\t\n\t\t<\/div> \n\t<\/div> \n<\/div>\n","protected":false},"excerpt":{"rendered":"Formulation pharmaceutique &amp; Innovation Mise au point de nouveaux adjuvants de vaccins: \u2022 2 brevets (Sanofi Pasteur) \u2022 Adjuvant homologu\u00e9 \u2022 1 brevet (Groupe Fournier) \u2022 R\u00e9daction de SOPs en vue du transfert d\u2019\u00e9chelle Affaires R\u00e9glementaires (Sanofi Pasteur)\u2022 Gestion d\u2019AMM de vaccins commercialis\u00e9s : variations CMC, renouvellements, soumissions de dossiers, r\u00e9ponses aux questions des autorit\u00e9s [...]","protected":false},"author":1,"featured_media":0,"parent":0,"menu_order":0,"comment_status":"closed","ping_status":"closed","template":"","meta":{"footnotes":""},"class_list":["post-20","page","type-page","status-publish","hentry","invicta_simple_style_entry"],"_links":{"self":[{"href":"https:\/\/www.conseil-formation-nutrition.com\/mfklucker\/wp-json\/wp\/v2\/pages\/20","targetHints":{"allow":["GET"]}}],"collection":[{"href":"https:\/\/www.conseil-formation-nutrition.com\/mfklucker\/wp-json\/wp\/v2\/pages"}],"about":[{"href":"https:\/\/www.conseil-formation-nutrition.com\/mfklucker\/wp-json\/wp\/v2\/types\/page"}],"author":[{"embeddable":true,"href":"https:\/\/www.conseil-formation-nutrition.com\/mfklucker\/wp-json\/wp\/v2\/users\/1"}],"replies":[{"embeddable":true,"href":"https:\/\/www.conseil-formation-nutrition.com\/mfklucker\/wp-json\/wp\/v2\/comments?post=20"}],"version-history":[{"count":15,"href":"https:\/\/www.conseil-formation-nutrition.com\/mfklucker\/wp-json\/wp\/v2\/pages\/20\/revisions"}],"predecessor-version":[{"id":294,"href":"https:\/\/www.conseil-formation-nutrition.com\/mfklucker\/wp-json\/wp\/v2\/pages\/20\/revisions\/294"}],"wp:attachment":[{"href":"https:\/\/www.conseil-formation-nutrition.com\/mfklucker\/wp-json\/wp\/v2\/media?parent=20"}],"curies":[{"name":"wp","href":"https:\/\/api.w.org\/{rel}","templated":true}]}}