{"id":12,"date":"2015-07-18T22:27:34","date_gmt":"2015-07-18T21:27:34","guid":{"rendered":"http:\/\/www.conseil-formation-nutrition.com\/mfklucker\/?page_id=12"},"modified":"2015-10-30T12:32:27","modified_gmt":"2015-10-30T11:32:27","slug":"methodologie","status":"publish","type":"page","link":"https:\/\/www.conseil-formation-nutrition.com\/mfklucker\/methodologie\/","title":{"rendered":"M\u00e9thodologie"},"content":{"rendered":"<div class=\"vc_row wpb_row vc_row-fluid\">\n\t<div class=\"vc_col-sm-12 wpb_column vc_column_container\">\n\t\t<div class=\"wpb_wrapper\">\n\t\t\t\n\t<div class=\"wpb_text_column wpb_content_element \">\n\t\t<div class=\"wpb_wrapper\">\n\t\t\t<h2 style=\"text-align: left;\">Tout au long de l&rsquo;accompagnement de vos projets, mon leitmotiv: pragmatisme, efficience et satisfaction<\/h2>\n\n\t\t<\/div> \n\t<\/div> \n\t\t<\/div> \n\t<\/div> \n<\/div><div class=\"vc_row wpb_row vc_row-fluid\">\n\t<div class=\"vc_col-sm-12 wpb_column vc_column_container\">\n\t\t<div class=\"wpb_wrapper\">\n\t\t\t<div id=\"invicta_steps_69e64543c2fd6\" class=\"invicta_steps wpb_content_element\"><div class=\"step\" style=\"width:20%\"><div class=\"line\"><\/div><div class=\"icon\"><i class=\"icon-map-marker\"><\/i><\/div><div class=\"info\"><div class=\"name\">Etat des lieux<\/div><div class=\"text\">Compr\u00e9hension de la probl\u00e9matique<\/div><\/div><\/div><div class=\"step\" style=\"width:20%\"><div class=\"line\"><\/div><div class=\"icon\"><i class=\"icon-screenshot\"><\/i><\/div><div class=\"info\"><div class=\"name\">D\u00e9finition d'un objectif<\/div><div class=\"text\">\u00c9valuation de la strat\u00e9gie et des livrables utiles<\/div><\/div><\/div><div class=\"step\" style=\"width:20%\"><div class=\"line\"><\/div><div class=\"icon\"><i class=\"icon-cogs\"><\/i><\/div><div class=\"info\"><div class=\"name\">Accompagnement \u00e0 la mise en oeuvre<\/div><div class=\"text\"><\/div><\/div><\/div><div class=\"step\" style=\"width:20%\"><div class=\"line\"><\/div><div class=\"icon\"><i class=\"icon-dashboard\"><\/i><\/div><div class=\"info\"><div class=\"name\">Anayse des R\u00e9sultats<\/div><div class=\"text\"><\/div><\/div><\/div><div class=\"step\" style=\"width:20%\"><div class=\"line\"><\/div><div class=\"icon\"><i class=\"icon-bar-chart\"><\/i><\/div><div class=\"info\"><div class=\"name\">Bilan <\/div><div class=\"text\"><\/div><\/div><\/div><\/div>\n\t\t<\/div> \n\t<\/div> \n<\/div>\n","protected":false},"excerpt":{"rendered":"Tout au long de l'accompagnement de vos projets, mon leitmotiv: pragmatisme, efficience et satisfaction Etat des lieuxCompr\u00e9hension de la probl\u00e9matiqueD\u00e9finition d'un objectif\u00c9valuation de la strat\u00e9gie et des livrables utilesAccompagnement \u00e0 la mise en oeuvreAnayse des R\u00e9sultatsBilan","protected":false},"author":1,"featured_media":0,"parent":0,"menu_order":0,"comment_status":"closed","ping_status":"open","template":"","meta":{"footnotes":""},"class_list":["post-12","page","type-page","status-publish","hentry","invicta_simple_style_entry"],"_links":{"self":[{"href":"https:\/\/www.conseil-formation-nutrition.com\/mfklucker\/wp-json\/wp\/v2\/pages\/12","targetHints":{"allow":["GET"]}}],"collection":[{"href":"https:\/\/www.conseil-formation-nutrition.com\/mfklucker\/wp-json\/wp\/v2\/pages"}],"about":[{"href":"https:\/\/www.conseil-formation-nutrition.com\/mfklucker\/wp-json\/wp\/v2\/types\/page"}],"author":[{"embeddable":true,"href":"https:\/\/www.conseil-formation-nutrition.com\/mfklucker\/wp-json\/wp\/v2\/users\/1"}],"replies":[{"embeddable":true,"href":"https:\/\/www.conseil-formation-nutrition.com\/mfklucker\/wp-json\/wp\/v2\/comments?post=12"}],"version-history":[{"count":6,"href":"https:\/\/www.conseil-formation-nutrition.com\/mfklucker\/wp-json\/wp\/v2\/pages\/12\/revisions"}],"predecessor-version":[{"id":343,"href":"https:\/\/www.conseil-formation-nutrition.com\/mfklucker\/wp-json\/wp\/v2\/pages\/12\/revisions\/343"}],"wp:attachment":[{"href":"https:\/\/www.conseil-formation-nutrition.com\/mfklucker\/wp-json\/wp\/v2\/media?parent=12"}],"curies":[{"name":"wp","href":"https:\/\/api.w.org\/{rel}","templated":true}]}}